{"id":1114,"date":"2021-03-23T09:00:29","date_gmt":"2021-03-23T12:00:29","guid":{"rendered":"https:\/\/pizarrasdeportivas.com.ar\/?post_type=product&#038;p=1114"},"modified":"2025-09-20T00:26:58","modified_gmt":"2025-09-20T03:26:58","slug":"pizarra-deportiva-3422-oficio-acrilico","status":"publish","type":"product","link":"https:\/\/pizarrasdeportivas.com.ar\/?product=pizarra-deportiva-3422-oficio-acrilico","title":{"rendered":"Basquetbol (34*22) oficio en acrilico"},"content":{"rendered":"<p>Pizarra deportiva en acr\u00edlico Cortado L\u00e1ser que asegura mayor durabilidad. De un lado cancha completa, del dorso eleg\u00eds\u00a0 media cancha, 2, 3 o hasta 4 media canchas<\/p>\n<p>Para usar con fibr\u00f3n al agua. F\u00e1cil limpieza con borrador, trapo humedo, trapo seco (o la mano \ud83d\ude09 )<\/p>\n<p>incluye gastos de envi\u00f3<\/p>\n","protected":false},"excerpt":{"rendered":"<p>Pizarra deportiva en ACRILICO, aspecto increible<\/p>\n","protected":false},"featured_media":1927,"comment_status":"open","ping_status":"closed","template":"","meta":[],"product_brand":[],"product_cat":[73],"product_tag":[74],"class_list":{"0":"post-1114","1":"product","2":"type-product","3":"status-publish","4":"has-post-thumbnail","6":"product_cat-basquetbol","7":"product_tag-acrilico","9":"first","10":"instock","11":"shipping-taxable","12":"purchasable","13":"product-type-simple"},"_links":{"self":[{"href":"https:\/\/pizarrasdeportivas.com.ar\/index.php?rest_route=\/wp\/v2\/product\/1114","targetHints":{"allow":["GET"]}}],"collection":[{"href":"https:\/\/pizarrasdeportivas.com.ar\/index.php?rest_route=\/wp\/v2\/product"}],"about":[{"href":"https:\/\/pizarrasdeportivas.com.ar\/index.php?rest_route=\/wp\/v2\/types\/product"}],"replies":[{"embeddable":true,"href":"https:\/\/pizarrasdeportivas.com.ar\/index.php?rest_route=%2Fwp%2Fv2%2Fcomments&post=1114"}],"wp:featuredmedia":[{"embeddable":true,"href":"https:\/\/pizarrasdeportivas.com.ar\/index.php?rest_route=\/wp\/v2\/media\/1927"}],"wp:attachment":[{"href":"https:\/\/pizarrasdeportivas.com.ar\/index.php?rest_route=%2Fwp%2Fv2%2Fmedia&parent=1114"}],"wp:term":[{"taxonomy":"product_brand","embeddable":true,"href":"https:\/\/pizarrasdeportivas.com.ar\/index.php?rest_route=%2Fwp%2Fv2%2Fproduct_brand&post=1114"},{"taxonomy":"product_cat","embeddable":true,"href":"https:\/\/pizarrasdeportivas.com.ar\/index.php?rest_route=%2Fwp%2Fv2%2Fproduct_cat&post=1114"},{"taxonomy":"product_tag","embeddable":true,"href":"https:\/\/pizarrasdeportivas.com.ar\/index.php?rest_route=%2Fwp%2Fv2%2Fproduct_tag&post=1114"}],"curies":[{"name":"wp","href":"https:\/\/api.w.org\/{rel}","templated":true}]}}